{"id":12819,"date":"2026-04-08T12:58:55","date_gmt":"2026-04-08T12:58:55","guid":{"rendered":"https:\/\/mimi-shop.fr\/?post_type=product&#038;p=12819"},"modified":"2026-04-08T13:36:31","modified_gmt":"2026-04-08T13:36:31","slug":"tigre-en-anneaux","status":"publish","type":"product","link":"https:\/\/mimi-shop.fr\/index.php\/produit\/tigre-en-anneaux\/","title":{"rendered":"Tigre en anneaux"},"content":{"rendered":"","protected":false},"excerpt":{"rendered":"<p>Ce tigre a un petit c\u00f4t\u00e9 indomptable.<\/p>\n<p>Il ne rugit pas, ne mord pas\u2026 mais il a un don certain pour se faire adopter.<\/p>\n<p data-start=\"153\" data-end=\"343\">Gr\u00e2ce \u00e0 ses formes arrondies et ses anneaux entrelac\u00e9s, il est agr\u00e9able \u00e0 manipuler et attire naturellement les mains curieuses.<\/p>\n<p data-start=\"345\" data-end=\"484\">Enti\u00e8rement r\u00e9alis\u00e9 \u00e0 la main au crochet, ce mod\u00e8le est unique.<\/p>\n<p data-start=\"486\" data-end=\"655\" data-is-last-node=\"\" data-is-only-node=\"\">\u00c0 la fois objet d\u00e9coratif, jeu tactile et anti-stress, il s\u00e9duira aussi bien les plus petits que les grands.<\/p>\n<p><span class=\"more-link theme-more-link\"><a href=\"https:\/\/mimi-shop.fr\/index.php\/produit\/tigre-en-anneaux\/\">Continue Reading<\/a><\/span><\/p>\n","protected":false},"featured_media":12815,"comment_status":"closed","ping_status":"closed","template":"","meta":[],"product_brand":[],"product_cat":[77],"product_tag":[],"class_list":{"0":"entry","1":"author-admin5330","2":"has-excerpt","3":"post-12819","4":"product","5":"type-product","6":"status-publish","7":"has-post-thumbnail","8":"product_cat-jouet","10":"first","11":"instock","12":"shipping-taxable","13":"product-type-simple"},"jetpack_sharing_enabled":true,"_links":{"self":[{"href":"https:\/\/mimi-shop.fr\/index.php\/wp-json\/wp\/v2\/product\/12819","targetHints":{"allow":["GET"]}}],"collection":[{"href":"https:\/\/mimi-shop.fr\/index.php\/wp-json\/wp\/v2\/product"}],"about":[{"href":"https:\/\/mimi-shop.fr\/index.php\/wp-json\/wp\/v2\/types\/product"}],"replies":[{"embeddable":true,"href":"https:\/\/mimi-shop.fr\/index.php\/wp-json\/wp\/v2\/comments?post=12819"}],"wp:featuredmedia":[{"embeddable":true,"href":"https:\/\/mimi-shop.fr\/index.php\/wp-json\/wp\/v2\/media\/12815"}],"wp:attachment":[{"href":"https:\/\/mimi-shop.fr\/index.php\/wp-json\/wp\/v2\/media?parent=12819"}],"wp:term":[{"taxonomy":"product_brand","embeddable":true,"href":"https:\/\/mimi-shop.fr\/index.php\/wp-json\/wp\/v2\/product_brand?post=12819"},{"taxonomy":"product_cat","embeddable":true,"href":"https:\/\/mimi-shop.fr\/index.php\/wp-json\/wp\/v2\/product_cat?post=12819"},{"taxonomy":"product_tag","embeddable":true,"href":"https:\/\/mimi-shop.fr\/index.php\/wp-json\/wp\/v2\/product_tag?post=12819"}],"curies":[{"name":"wp","href":"https:\/\/api.w.org\/{rel}","templated":true}]}}