{"id":12693,"date":"2026-04-07T11:56:06","date_gmt":"2026-04-07T11:56:06","guid":{"rendered":"https:\/\/mimi-shop.fr\/?post_type=product&#038;p=12693"},"modified":"2026-04-08T13:43:02","modified_gmt":"2026-04-08T13:43:02","slug":"angel-en-anneaux","status":"publish","type":"product","link":"https:\/\/mimi-shop.fr\/index.php\/produit\/angel-en-anneaux\/","title":{"rendered":"Angel en anneaux"},"content":{"rendered":"<p>28 cm de hauteur<\/p>\n","protected":false},"excerpt":{"rendered":"<p data-start=\"66\" data-end=\"151\">Inspir\u00e9 du personnage de <span class=\"hover:entity-accent entity-underline inline cursor-pointer align-baseline\"><span class=\"whitespace-normal\">Angel du film Stitch<\/span><\/span>, ce jouet rappelle l\u2019univers de l\u2019enfance avec son design doux et familier.<\/p>\n<p data-start=\"153\" data-end=\"343\">Gr\u00e2ce \u00e0 ses formes arrondies et ses anneaux entrelac\u00e9s, il est agr\u00e9able \u00e0 manipuler et attire naturellement les mains curieuses.<\/p>\n<p data-start=\"345\" data-end=\"484\">Enti\u00e8rement r\u00e9alis\u00e9 \u00e0 la main au crochet, ce mod\u00e8le est unique.<\/p>\n<p data-start=\"486\" data-end=\"655\" data-is-last-node=\"\" data-is-only-node=\"\">\u00c0 la fois objet d\u00e9coratif, jeu tactile et anti-stress, il s\u00e9duira aussi bien les plus petits que les grands.<\/p>\n<p><span class=\"more-link theme-more-link\"><a href=\"https:\/\/mimi-shop.fr\/index.php\/produit\/angel-en-anneaux\/\">Continue Reading<\/a><\/span><\/p>\n","protected":false},"featured_media":12686,"comment_status":"closed","ping_status":"closed","template":"","meta":[],"product_brand":[],"product_cat":[77],"product_tag":[],"class_list":{"0":"entry","1":"author-admin5330","2":"has-excerpt","3":"post-12693","4":"product","5":"type-product","6":"status-publish","7":"has-post-thumbnail","8":"product_cat-jouet","10":"first","11":"instock","12":"shipping-taxable","13":"product-type-simple"},"jetpack_sharing_enabled":true,"_links":{"self":[{"href":"https:\/\/mimi-shop.fr\/index.php\/wp-json\/wp\/v2\/product\/12693","targetHints":{"allow":["GET"]}}],"collection":[{"href":"https:\/\/mimi-shop.fr\/index.php\/wp-json\/wp\/v2\/product"}],"about":[{"href":"https:\/\/mimi-shop.fr\/index.php\/wp-json\/wp\/v2\/types\/product"}],"replies":[{"embeddable":true,"href":"https:\/\/mimi-shop.fr\/index.php\/wp-json\/wp\/v2\/comments?post=12693"}],"wp:featuredmedia":[{"embeddable":true,"href":"https:\/\/mimi-shop.fr\/index.php\/wp-json\/wp\/v2\/media\/12686"}],"wp:attachment":[{"href":"https:\/\/mimi-shop.fr\/index.php\/wp-json\/wp\/v2\/media?parent=12693"}],"wp:term":[{"taxonomy":"product_brand","embeddable":true,"href":"https:\/\/mimi-shop.fr\/index.php\/wp-json\/wp\/v2\/product_brand?post=12693"},{"taxonomy":"product_cat","embeddable":true,"href":"https:\/\/mimi-shop.fr\/index.php\/wp-json\/wp\/v2\/product_cat?post=12693"},{"taxonomy":"product_tag","embeddable":true,"href":"https:\/\/mimi-shop.fr\/index.php\/wp-json\/wp\/v2\/product_tag?post=12693"}],"curies":[{"name":"wp","href":"https:\/\/api.w.org\/{rel}","templated":true}]}}