{"id":12677,"date":"2026-04-07T11:40:42","date_gmt":"2026-04-07T11:40:42","guid":{"rendered":"https:\/\/mimi-shop.fr\/?post_type=product&#038;p=12677"},"modified":"2026-04-08T11:43:45","modified_gmt":"2026-04-08T11:43:45","slug":"boite-a-bidule-chat","status":"publish","type":"product","link":"https:\/\/mimi-shop.fr\/index.php\/produit\/boite-a-bidule-chat\/","title":{"rendered":"Bo\u00eete \u00e0 bidule &#8211; Chat"},"content":{"rendered":"<p>Petite boite \u00e0 bidule, d\u00e9corative, ou tout autre utilit\u00e9, en (d\u00e9finir mati\u00e8re), servira vos besoins dans toute son orginalit\u00e9.<\/p>\n","protected":false},"excerpt":{"rendered":"<p>Petite boite \u00e0 bidule, d\u00e9corative, ou tout autre utilit\u00e9, en (d\u00e9finir mati\u00e8re), servira vos besoins dans toute son orginalit\u00e9.<span class=\"more-link theme-more-link\"><a href=\"https:\/\/mimi-shop.fr\/index.php\/produit\/boite-a-bidule-chat\/\">Continue Reading<\/a><\/span><\/p>\n","protected":false},"featured_media":12783,"comment_status":"closed","ping_status":"closed","template":"","meta":[],"product_brand":[],"product_cat":[76],"product_tag":[],"class_list":{"0":"entry","1":"author-admin5330","2":"post-12677","3":"product","4":"type-product","5":"status-publish","6":"has-post-thumbnail","7":"product_cat-boite-a-bidules","9":"first","10":"instock","11":"virtual","12":"product-type-simple"},"jetpack_sharing_enabled":true,"_links":{"self":[{"href":"https:\/\/mimi-shop.fr\/index.php\/wp-json\/wp\/v2\/product\/12677","targetHints":{"allow":["GET"]}}],"collection":[{"href":"https:\/\/mimi-shop.fr\/index.php\/wp-json\/wp\/v2\/product"}],"about":[{"href":"https:\/\/mimi-shop.fr\/index.php\/wp-json\/wp\/v2\/types\/product"}],"replies":[{"embeddable":true,"href":"https:\/\/mimi-shop.fr\/index.php\/wp-json\/wp\/v2\/comments?post=12677"}],"wp:featuredmedia":[{"embeddable":true,"href":"https:\/\/mimi-shop.fr\/index.php\/wp-json\/wp\/v2\/media\/12783"}],"wp:attachment":[{"href":"https:\/\/mimi-shop.fr\/index.php\/wp-json\/wp\/v2\/media?parent=12677"}],"wp:term":[{"taxonomy":"product_brand","embeddable":true,"href":"https:\/\/mimi-shop.fr\/index.php\/wp-json\/wp\/v2\/product_brand?post=12677"},{"taxonomy":"product_cat","embeddable":true,"href":"https:\/\/mimi-shop.fr\/index.php\/wp-json\/wp\/v2\/product_cat?post=12677"},{"taxonomy":"product_tag","embeddable":true,"href":"https:\/\/mimi-shop.fr\/index.php\/wp-json\/wp\/v2\/product_tag?post=12677"}],"curies":[{"name":"wp","href":"https:\/\/api.w.org\/{rel}","templated":true}]}}